{"id":904,"date":"2019-10-08T12:42:52","date_gmt":"2019-10-08T10:42:52","guid":{"rendered":"https:\/\/collcervera.com\/?page_id=904"},"modified":"2020-05-26T11:30:31","modified_gmt":"2020-05-26T09:30:31","slug":"aviso-legal","status":"publish","type":"page","link":"https:\/\/collcervera.com\/es\/aviso-legal\/","title":{"rendered":"AVISO LEGAL"},"content":{"rendered":"\n<p>Con\nel fin de dar cumplimiento al art\u00edculo 10 de la Ley 34\/2002 de Servicios de la\nSociedad de la Informaci\u00f3n y del Comercio Electr\u00f3nico, informamos a los\nusuarios de nuestros datos:<\/p>\n\n\n\n<p>Denominaci\u00f3n Social: JOSEP BUSCALLA COROMINAS<\/p>\n\n\n\n<p>Domicilio\nSocial: Pla\u00e7a PI I MARGALL, 1 4art., 08680 GIRONELLA, (Barcelona)<\/p>\n\n\n\n<p>CIF: 39269322L<\/p>\n\n\n\n<p>Tel\u00e9fono: 938250825<\/p>\n\n\n\n<p>E-Mail:&nbsp;<a href=\"mailto:info@collcervera.com\">info@collcervera.com<\/a><\/p>\n\n\n\n<p>Sitio Web: http:\/\/www.collcervera.com\/es\/<\/p>\n\n\n\n<p>Datos\nRegistrales: Collcervera 1 PCC 000341. Collcervera 2 PCC 000342. Collcervera 3\nPCC 000493. Collcerveera 4 PCC 000751<\/p>\n\n\n\n<p>Actividad Reglada: Turisme Rural<\/p>\n\n\n\n<p><strong>1.- OBJETO<\/strong><\/p>\n\n\n\n<p><strong>JOSEP\nBUSCALLA COROMINAS<\/strong>&nbsp;(en adelante tambi\u00e9n el prestador) c\u00f3mo\nresponsable del sitio web, pone a disposici\u00f3n de los usuarios el presente\ndocumento, que regula el uso del sitio web http:\/\/www.collcervera.com\/es\/, con\nel que pretendemos dar cumplimiento a las obligaciones que dispone la Ley\n34\/2002, de Servicios de la Sociedad de la Informaci\u00f3n y del Comercio\nElectr\u00f3nico (LSSICE o LSSI), as\u00ed como informar a todos los usuarios del sitio\nweb respecto de cu\u00e1les son las condiciones de uso del sitio web.<\/p>\n\n\n\n<p>A\ntrav\u00e9s de la Web,&nbsp;<strong>JOSEP BUSCALLA COROMINAS<\/strong>&nbsp;facilita a los\nusuarios el acceso y utilizaci\u00f3n de diferentes servicios y contenidos puestos a\ndisposici\u00f3n a trav\u00e9s del web.<\/p>\n\n\n\n<p>Toda\npersona que acceda a esta web asume el papel de usuario (en adelante el\nusuario), e implica la aceptaci\u00f3n total y sin reservas de todas y cada una de\nlas disposiciones incluidas en este aviso legal, as\u00ed como a cualesquiera otras\ndisposiciones legales que fueran de aplicaci\u00f3n.<\/p>\n\n\n\n<p>Como\nusuarios, tienen que leer atentamente este Aviso Legal en cualquier de las\nocasiones que entren a la web, pues \u00e9sta puede sufrir modificaciones ya que el\nprestador se reserva el derecho a modificar cualquier tipo de informaci\u00f3n que\npudiera aparecer en la web, sin que exista la obligaci\u00f3n de pre-avisar o poner\nen conocimiento de los usuarios estas obligaciones, siendo suficientes la\npublicaci\u00f3n en el sitio web del prestador.<\/p>\n\n\n\n<p><strong>2. CONDICIONES DE ACCESO I USO DE LA WEB.<\/strong><\/p>\n\n\n\n<p><strong>2.1. Car\u00e1cter gratuito del acceso y uso de la\nweb.<\/strong><\/p>\n\n\n\n<p>La\nprestaci\u00f3n de los servicios por parte de&nbsp;<strong>JOSEP BUSCALLA COROMINAS<\/strong>&nbsp;tiene\ncar\u00e1cter gratuito para todos los Usuarios. No obstante, algunos de los\nservicios suministrados por el prestador a trav\u00e9s de la Web est\u00e1n sujetas al\npago de un precio determinado a las condicionas generales de contrataci\u00f3n.<\/p>\n\n\n\n<p><strong>2.2. Registro de Usuario.<\/strong><\/p>\n\n\n\n<p>Con car\u00e1cter general la prestaci\u00f3n de los Servicios no exige la previa suscripci\u00f3n o registro de los usuarios. Aun as\u00ed,&nbsp;<strong>JOSEP BUSCALLA COROMINAS<\/strong>&nbsp;condiciona el uso de algunos de los servicios a la previa complementaci\u00f3n del correspondiente registro de Usuario. Este registro se efectuar\u00e1 en la forma expresamente indicada en la propia secci\u00f3n del servicio.<\/p>\n\n\n\n<p><strong>2.3. Veracidad de la informaci\u00f3n.<\/strong><\/p>\n\n\n\n<p>Toda\nla informaci\u00f3n que facilita el Usuario tiene que ser veraz. A estos efectos, el\nUsuario garantiza la autenticidad de los datos comunicados a trav\u00e9s de los\nformularios de contacto. En todo caso, el Usuario ser\u00e1 el \u00fanico responsable de\nlas manifestaciones falsas o inexactas que realice y de los perjuicios que\ncause al prestador o a terceros.<\/p>\n\n\n\n<p><strong>2.4. Menores de edad.<\/strong><\/p>\n\n\n\n<p>Para\nel uso de los servicios, los menores de edad tienen que obtener siempre\npreviamente el consentimiento de los padres, tutores o representantes legales,\nresponsables \u00faltimos de todos los actos realizados por los menores a su cargo.\nLa responsabilidad en la determinaci\u00f3n de contenidos concretos a los cuales\nacceden los menores corresponde a aquellos, es por eso que si acceden a\ncontenidos no apropiados por Internet, se tendr\u00e1n que establecer en sus\nordenadores mecanismos, en particular programas inform\u00e1ticos, filtros y\nbloqueos, que permitan limitar los contenidos disponibles y, a pesar de que no\nsean infalibles, son de especial utilidad para controlar y restringir los\nmateriales a los que pueden acceder los menores.<\/p>\n\n\n\n<p><strong>2.5. Obligaci\u00f3n de hacer un uso correcto de la\nWeb.<\/strong><\/p>\n\n\n\n<p>El\nUsuario se compromete a utilizar la Web de conformidad a la Ley y al presente\nAviso Legal, as\u00ed como a la moral y a buenas costumbres. A tal efecto, el\nUsuario se abstendr\u00e1 de utilizar la p\u00e1gina con finalidades il\u00edcitas o\nprohibidas, lesivas de derechos e intereses de terceros, o que de cualquier\nforma puedan da\u00f1ar, inutilizar, sobrecargar, deteriorar o impedir la normal\nutilizaci\u00f3n de equipos inform\u00e1ticos o documentos, archivos y toda clase de\ncontenidos almacenados en cualquier equipo inform\u00e1tico del prestador.<\/p>\n\n\n\n<p>En\nparticular, y a t\u00edtulo indicativo pero no exhaustivo, el Usuario se compromete\na no transmitir, difundir o poner a disposici\u00f3n de terceros informaciones,\ndatos, contenidos, mensajes, gr\u00e1ficos, dibujos, archivos de sonido o imagen,\nfotograf\u00edas, grabaciones, software y, en general, cualquier clase de material\nque:<\/p>\n\n\n\n<p>(a)\nsea contraria, desprecie o atente contra los derechos fundamentales y las\nlibertades p\u00fablicas reconocidas constitucionalmente, en tratados\ninternacionales y otras normas vigentes;<\/p>\n\n\n\n<p>(b)\ninduzca, incite o promueva actuaciones delictivas, denigrantes, difamatorias,\nviolentas o, en general, contrarias a la ley, a la moral y al orden p\u00fablico;<\/p>\n\n\n\n<p>(c)\ninduzca, incite o promueva actuaciones, actitudes o pensamientos\ndiscriminatorios por raz\u00f3n de sexo, raza, religi\u00f3n, creencias, edad o\ncondici\u00f3n;<\/p>\n\n\n\n<p>(d)\nsea contrario al derecho al honor, a la intimidad personal o familiar o a la\npropia imagen de las personas;<\/p>\n\n\n\n<p>(e)\nde cualquier manera perjudique la credibilidad del prestador o de terceros; y<\/p>\n\n\n\n<p>(f)\nconstituya publicidad il\u00edcita, enga\u00f1osa o desleal.<\/p>\n\n\n\n<p><strong>3.- EXCLUSI\u00d3N DE GARANT\u00cdAS Y RESPONSABILIDAD<\/strong><\/p>\n\n\n\n<p>El\nprestador se exime de cualquier tipo de responsabilidad derivada de la\ninformaci\u00f3n publicada en nuestro sitio web, siempre que esta informaci\u00f3n haya\nsido manipulada o introducida por un tercero ajeno.<\/p>\n\n\n\n<p>Esta\nweb ha sido revisada y probada para que funcione correctamente. En principio,\nse puede garantizar el correcto funcionamiento los 365 d\u00edas del a\u00f1o, 24 horas\nal d\u00eda. Sin embargo, el prestador no descarta la posibilidad que existan\ndeterminados errores de programaci\u00f3n, o que sucedan causas de fuerza mayor,\ncat\u00e1strofes naturales, huelgas, o circunstancias parecidas que hagan imposible\nel acceso a la p\u00e1gina web.<\/p>\n\n\n\n<p><strong>JOSEP\nBUSCALLA COROMINAS<\/strong>&nbsp;no otorga ninguna garant\u00eda ni se hace\nresponsable, en ning\u00fan caso, de los da\u00f1os y perjuicios de cualquier naturaleza\nque puedan salir a colaci\u00f3n de la falta de disponibilidad, mantenimiento y\nefectivo funcionamiento de la web o de sus servicios y contenidos; de la\nexistencia de virus, programas maliciosos o lesivos en los contenidos; del uso\nil\u00edcito, negligente, fraudulento o contrario a este Aviso Legal y condiciones\nde uso; o de La falta de licitud, calidad, fiabilidad, utilidad y\ndisponibilidad de los servicios prestados por terceros y ademanes a disposici\u00f3n\nde los usuarios en el sitio web.<\/p>\n\n\n\n<p>El\nprestador no se hace responsable bajo ning\u00fan concepto de los da\u00f1os que puedan\ndimanar del uso ilegal o indebido de la presente p\u00e1gina web.<\/p>\n\n\n\n<p><strong>4.- COOKIES<\/strong><\/p>\n\n\n\n<p>El\nsitio web del prestador puede utilizar cookies (peque\u00f1os archivos de\ninformaci\u00f3n que el servidor env\u00eda al ordenador de quien accede en la p\u00e1gina)\npara llevar a cabo determinadas funciones que son consideradas imprescindibles\npara el correcto funcionamiento y visualizaci\u00f3n del lugar. Las cookies\nutilizadas tienen, en todo caso, car\u00e1cter temporal, con la \u00fanica finalidad de hacer\nm\u00e1s eficaz la navegaci\u00f3n, y desaparecen al acabar la sesi\u00f3n del usuario.<\/p>\n\n\n\n<p>En\nning\u00fan caso se utilizar\u00e1n las cookies para recoger informaci\u00f3n de car\u00e1cter\npersonal.<\/p>\n\n\n\n<p><strong>5.- ENLACES (LINKS)<\/strong><\/p>\n\n\n\n<p>Desde el sitio web es posible que se redirija a contenidos patrocinados, anuncios y \/ o enlaces de afiliados y \/ o de terceras webs. Entre los enlaces facilitados, existe la posibilidad de informar o hacer referencia a productos y \/ o servicios de terceros. Dado que desde el web no podemos controlar siempre los contenidos introducidos por los terceros,&nbsp;<strong>JOSEP BUSCALLA COROMINAS<\/strong>&nbsp;no asume ning\u00fan tipo de responsabilidad respecto a estos contenidos, ni garantiza la experiencia, integridad o calidad de sus productos. En todo caso, el prestador manifiesta que proceder\u00e1 a la retirada inmediata de cualquier contenido que pudiera contravenir la legislaci\u00f3n nacional o internacional, la moral o el orden p\u00fablico, procediendo a la retirada inmediata de la re-direcci\u00f3n a estas webs, poniendo en conocimiento de las autoridades competentes el contenido en cuesti\u00f3n.<\/p>\n\n\n\n<p>JOSEP BUSCALLA COROMINAS tendr\u00e1 publicados estos enlaces hasta que sean eliminados o suspendidos por el prestador o por el anunciante, y no ser\u00e1 responsable aunque estos anuncios puedan ser indexados por otros buscadores ajenos a esta web.<\/p>\n\n\n\n<p>El prestador no se responsabiliza de la informaci\u00f3n y contenidos almacenados, a t\u00edtulo enunciativo pero no limitante, en foros, chats, generadores de blogs, comentarios, redes sociales o cualquiera otro medio que permita a terceros publicar contenidos de forma independiente a la p\u00e1gina web del prestador. Sin embargo y en cumplimiento de lo que dispone el art. 11 y 16 de la LSSICE, el prestador se pone a disposici\u00f3n de todos los usuarios, autoridades y fuerzas de seguridad, y colaborando de forma activa en la retirada o, cuando sea necesario, el bloqueo de todos aquellos contenidos que puedan afectar o contravenir la legislaci\u00f3n nacional, o internacional, derechos de terceros o la moral y el orden p\u00fablico. En caso de que el usuario considere que puede existir alg\u00fan contenido que pudiera ser susceptible de esta clasificaci\u00f3n, se ruega lo notifique de forma inmediata al administrador del sitio web.<\/p>\n\n\n\n<p>Sin embargo, JOSEP BUSCALLA COROMINAS le informa que cualquier relaci\u00f3n contractual o extracontractual que el usuario formalice con estos terceros, afiliados o anunciantes mediante el link proporcionado por esta web, ser\u00e1 v\u00e1lido \u00fanicamente y exclusivamente entre el usuario y el anunciante y \/ o tercera persona y JOSEP BUSCALLA COROMINAS no tendr\u00e1 ning\u00fan tipo de responsabilidad sobre los da\u00f1os o perjuicios que pudieran ser ocasionados por la prestaci\u00f3n de servicios y \/ o relaciones contractuales o extracontractuales realizadas entre el usuario y los anunciantes o terceros contactadas a trav\u00e9s de este portal ya que el prestador s\u00f3lo act\u00faa como intermediario o medio publicitario.<\/p>\n\n\n\n<p><strong>6.- PROTECCI\u00d3N DE DATOS PERSONALES<\/strong><\/p>\n\n\n\n<p>El\nprestador est\u00e1 profundamente comprometido con el cumplimiento de la normativa\nde protecci\u00f3n de datos personales y garantiza el cumplimiento \u00edntegro de las\nobligaciones dispuestas, as\u00ed como la implementaci\u00f3n de las medidas de seguridad\ndispuestas al Reglamento Europeo de Protecci\u00f3n de datos y la normativa espa\u00f1ola\nde protecci\u00f3n de datos. Para m\u00e1s informaci\u00f3n, ver nuestra&nbsp;&nbsp;<a href=\"https:\/\/www.collcervera.com\/es\/politica-de-privacidad\">Pol\u00edtica de privacidad.<\/a><\/p>\n\n\n\n<p><strong>7.- PROPIEDAD INTELECTUAL E INDUSTRIAL<\/strong><\/p>\n\n\n\n<p>El\nsitio web, incluyendo a t\u00edtulo enunciativo pero no limitativo la programaci\u00f3n,\nedici\u00f3n, compilaci\u00f3n y otros elementos necesarios para su funcionamiento, los\ndise\u00f1os, logotipos, textos, fotograf\u00edas y\/o gr\u00e1ficos son propiedad del\nprestador o, en caso de que fuera necesario, dispone de la licencia o autorizaci\u00f3n\nexpresa por parte de los autores. Todos los contenidos del sitio web se\nencuentran debidamente protegidos por la normativa de propiedad intelectual e\nindustrial.<\/p>\n\n\n\n<p>Independientemente\nde la finalidad por la que fueran destinados, la reproducci\u00f3n total o parcial,\nuso, distribuci\u00f3n y comunicaci\u00f3n p\u00fablica requieren de la autorizaci\u00f3n escrita\nprevia por parte del prestador. Cualquier uso no autorizado previamente por\nparte del prestador ser\u00e1 considerado un incumplimiento grave de los derechos de\npropiedad intelectual o industrial del autor.<\/p>\n\n\n\n<p>Los\ndise\u00f1os, logotipos, textos y\/o gr\u00e1ficos ajenos al prestador y que puedan\naparecer en el sitio web, pertenecen a sus respectivos propietarios, siendo\nellos mismos los responsables de cualquier posible controversia que pudiera\nacontecer respecto a los mismos. En todo caso, el prestador cuenta con la\nautorizaci\u00f3n expresa y previa por parte de los mismos.<\/p>\n\n\n\n<p>El\nprestador reconoce a favor de sus titulares los correspondientes derechos de\npropiedad industrial e intelectual, no implicando la menci\u00f3n o aparici\u00f3n en el\nsitio web, de la existencia de derechos o ninguna responsabilidad del prestador\nsobre los mismos, como tampoco respaldo, patrocinio o recomendaci\u00f3n por parte\ndel mismo.<\/p>\n\n\n\n<p>Para\nrealizar cualquier tipo de observaci\u00f3n respecto a posibles incumplimientos de\nlos derechos de propiedad intelectual o industrial, as\u00ed como sobre cualquiera\nde los contenidos del sitio web, puede hacerlo a trav\u00e9s del correo electr\u00f3nico\narriba rese\u00f1ado.<\/p>\n\n\n\n<p><strong>8.- LEY APLICABLE Y JURISDICCI\u00d3N<\/strong><\/p>\n\n\n\n<p>Para\nla resoluci\u00f3n de las controversias o cuestiones relacionadas con la presente\np\u00e1gina web o de las actividades en esta desarrolladas, ser\u00e1 de aplicaci\u00f3n la\nlegislaci\u00f3n espa\u00f1ola, a la que se someten expresamente las partes, siendo\ncompetentes por la resoluci\u00f3n de todos los conflictos derivados o relacionados\ncon su uso los Juzgados y Tribunales de Barcelona.<\/p>\n","protected":false},"excerpt":{"rendered":"<p>Con el fin de dar cumplimiento al art\u00edculo 10 de la Ley 34\/2002 de Servicios de la Sociedad de la Informaci\u00f3n y del Comercio Electr\u00f3nico, informamos a los usuarios de nuestros datos: Denominaci\u00f3n Social: JOSEP BUSCALLA COROMINAS Domicilio Social: Pla\u00e7a PI I MARGALL, 1 4art., 08680 GIRONELLA, (Barcelona) CIF: 39269322L Tel\u00e9fono: 938250825 E-Mail:&nbsp;info@collcervera.com Sitio Web: [&hellip;]<\/p>\n","protected":false},"author":1,"featured_media":0,"parent":0,"menu_order":0,"comment_status":"closed","ping_status":"closed","template":"","meta":{"_genesis_hide_title":false,"_genesis_hide_breadcrumbs":false,"_genesis_hide_singular_image":false,"_genesis_hide_footer_widgets":false,"_genesis_custom_body_class":"","_genesis_custom_post_class":"","_genesis_layout":"","footnotes":""},"class_list":{"0":"post-904","1":"page","2":"type-page","3":"status-publish","5":"entry"},"yoast_head":"<!-- This site is optimized with the Yoast SEO plugin v24.2 - https:\/\/yoast.com\/wordpress\/plugins\/seo\/ -->\n<title>AVISO LEGAL - Collcervera<\/title>\n<meta name=\"robots\" content=\"index, follow, max-snippet:-1, max-image-preview:large, max-video-preview:-1\" \/>\n<link rel=\"canonical\" href=\"https:\/\/collcervera.com\/es\/aviso-legal\/\" \/>\n<meta property=\"og:locale\" content=\"es_ES\" \/>\n<meta property=\"og:type\" content=\"article\" \/>\n<meta property=\"og:title\" content=\"AVISO LEGAL - Collcervera\" \/>\n<meta property=\"og:description\" content=\"Con el fin de dar cumplimiento al art\u00edculo 10 de la Ley 34\/2002 de Servicios de la Sociedad de la Informaci\u00f3n y del Comercio Electr\u00f3nico, informamos a los usuarios de nuestros datos: Denominaci\u00f3n Social: JOSEP BUSCALLA COROMINAS Domicilio Social: Pla\u00e7a PI I MARGALL, 1 4art., 08680 GIRONELLA, (Barcelona) CIF: 39269322L Tel\u00e9fono: 938250825 E-Mail:&nbsp;info@collcervera.com Sitio Web: [&hellip;]\" \/>\n<meta property=\"og:url\" content=\"https:\/\/collcervera.com\/es\/aviso-legal\/\" \/>\n<meta property=\"og:site_name\" content=\"Collcervera\" \/>\n<meta property=\"article:modified_time\" content=\"2020-05-26T09:30:31+00:00\" \/>\n<meta name=\"twitter:card\" content=\"summary_large_image\" \/>\n<meta name=\"twitter:label1\" content=\"Tiempo de lectura\" \/>\n\t<meta name=\"twitter:data1\" content=\"11 minutos\" \/>\n<script type=\"application\/ld+json\" class=\"yoast-schema-graph\">{\"@context\":\"https:\/\/schema.org\",\"@graph\":[{\"@type\":\"WebPage\",\"@id\":\"https:\/\/collcervera.com\/es\/aviso-legal\/\",\"url\":\"https:\/\/collcervera.com\/es\/aviso-legal\/\",\"name\":\"AVISO LEGAL - Collcervera\",\"isPartOf\":{\"@id\":\"https:\/\/collcervera.com\/es\/#website\"},\"datePublished\":\"2019-10-08T10:42:52+00:00\",\"dateModified\":\"2020-05-26T09:30:31+00:00\",\"breadcrumb\":{\"@id\":\"https:\/\/collcervera.com\/es\/aviso-legal\/#breadcrumb\"},\"inLanguage\":\"es\",\"potentialAction\":[{\"@type\":\"ReadAction\",\"target\":[\"https:\/\/collcervera.com\/es\/aviso-legal\/\"]}]},{\"@type\":\"BreadcrumbList\",\"@id\":\"https:\/\/collcervera.com\/es\/aviso-legal\/#breadcrumb\",\"itemListElement\":[{\"@type\":\"ListItem\",\"position\":1,\"name\":\"Portada\",\"item\":\"https:\/\/collcervera.com\/es\/\"},{\"@type\":\"ListItem\",\"position\":2,\"name\":\"AVISO LEGAL\"}]},{\"@type\":\"WebSite\",\"@id\":\"https:\/\/collcervera.com\/es\/#website\",\"url\":\"https:\/\/collcervera.com\/es\/\",\"name\":\"Collcervera\",\"description\":\"Mi blog de WordPress\",\"publisher\":{\"@id\":\"https:\/\/collcervera.com\/es\/#organization\"},\"potentialAction\":[{\"@type\":\"SearchAction\",\"target\":{\"@type\":\"EntryPoint\",\"urlTemplate\":\"https:\/\/collcervera.com\/es\/?s={search_term_string}\"},\"query-input\":{\"@type\":\"PropertyValueSpecification\",\"valueRequired\":true,\"valueName\":\"search_term_string\"}}],\"inLanguage\":\"es\"},{\"@type\":\"Organization\",\"@id\":\"https:\/\/collcervera.com\/es\/#organization\",\"name\":\"Agroturisme Collcervera\",\"url\":\"https:\/\/collcervera.com\/es\/\",\"logo\":{\"@type\":\"ImageObject\",\"inLanguage\":\"es\",\"@id\":\"https:\/\/collcervera.com\/es\/#\/schema\/logo\/image\/\",\"url\":\"https:\/\/collcervera.com\/wp-content\/uploads\/2019\/12\/collcervera_2x.png\",\"contentUrl\":\"https:\/\/collcervera.com\/wp-content\/uploads\/2019\/12\/collcervera_2x.png\",\"width\":200,\"height\":50,\"caption\":\"Agroturisme Collcervera\"},\"image\":{\"@id\":\"https:\/\/collcervera.com\/es\/#\/schema\/logo\/image\/\"}}]}<\/script>\n<!-- \/ Yoast SEO plugin. -->","yoast_head_json":{"title":"AVISO LEGAL - Collcervera","robots":{"index":"index","follow":"follow","max-snippet":"max-snippet:-1","max-image-preview":"max-image-preview:large","max-video-preview":"max-video-preview:-1"},"canonical":"https:\/\/collcervera.com\/es\/aviso-legal\/","og_locale":"es_ES","og_type":"article","og_title":"AVISO LEGAL - Collcervera","og_description":"Con el fin de dar cumplimiento al art\u00edculo 10 de la Ley 34\/2002 de Servicios de la Sociedad de la Informaci\u00f3n y del Comercio Electr\u00f3nico, informamos a los usuarios de nuestros datos: Denominaci\u00f3n Social: JOSEP BUSCALLA COROMINAS Domicilio Social: Pla\u00e7a PI I MARGALL, 1 4art., 08680 GIRONELLA, (Barcelona) CIF: 39269322L Tel\u00e9fono: 938250825 E-Mail:&nbsp;info@collcervera.com Sitio Web: [&hellip;]","og_url":"https:\/\/collcervera.com\/es\/aviso-legal\/","og_site_name":"Collcervera","article_modified_time":"2020-05-26T09:30:31+00:00","twitter_card":"summary_large_image","twitter_misc":{"Tiempo de lectura":"11 minutos"},"schema":{"@context":"https:\/\/schema.org","@graph":[{"@type":"WebPage","@id":"https:\/\/collcervera.com\/es\/aviso-legal\/","url":"https:\/\/collcervera.com\/es\/aviso-legal\/","name":"AVISO LEGAL - Collcervera","isPartOf":{"@id":"https:\/\/collcervera.com\/es\/#website"},"datePublished":"2019-10-08T10:42:52+00:00","dateModified":"2020-05-26T09:30:31+00:00","breadcrumb":{"@id":"https:\/\/collcervera.com\/es\/aviso-legal\/#breadcrumb"},"inLanguage":"es","potentialAction":[{"@type":"ReadAction","target":["https:\/\/collcervera.com\/es\/aviso-legal\/"]}]},{"@type":"BreadcrumbList","@id":"https:\/\/collcervera.com\/es\/aviso-legal\/#breadcrumb","itemListElement":[{"@type":"ListItem","position":1,"name":"Portada","item":"https:\/\/collcervera.com\/es\/"},{"@type":"ListItem","position":2,"name":"AVISO LEGAL"}]},{"@type":"WebSite","@id":"https:\/\/collcervera.com\/es\/#website","url":"https:\/\/collcervera.com\/es\/","name":"Collcervera","description":"Mi blog de WordPress","publisher":{"@id":"https:\/\/collcervera.com\/es\/#organization"},"potentialAction":[{"@type":"SearchAction","target":{"@type":"EntryPoint","urlTemplate":"https:\/\/collcervera.com\/es\/?s={search_term_string}"},"query-input":{"@type":"PropertyValueSpecification","valueRequired":true,"valueName":"search_term_string"}}],"inLanguage":"es"},{"@type":"Organization","@id":"https:\/\/collcervera.com\/es\/#organization","name":"Agroturisme Collcervera","url":"https:\/\/collcervera.com\/es\/","logo":{"@type":"ImageObject","inLanguage":"es","@id":"https:\/\/collcervera.com\/es\/#\/schema\/logo\/image\/","url":"https:\/\/collcervera.com\/wp-content\/uploads\/2019\/12\/collcervera_2x.png","contentUrl":"https:\/\/collcervera.com\/wp-content\/uploads\/2019\/12\/collcervera_2x.png","width":200,"height":50,"caption":"Agroturisme Collcervera"},"image":{"@id":"https:\/\/collcervera.com\/es\/#\/schema\/logo\/image\/"}}]}},"_links":{"self":[{"href":"https:\/\/collcervera.com\/es\/wp-json\/wp\/v2\/pages\/904","targetHints":{"allow":["GET"]}}],"collection":[{"href":"https:\/\/collcervera.com\/es\/wp-json\/wp\/v2\/pages"}],"about":[{"href":"https:\/\/collcervera.com\/es\/wp-json\/wp\/v2\/types\/page"}],"author":[{"embeddable":true,"href":"https:\/\/collcervera.com\/es\/wp-json\/wp\/v2\/users\/1"}],"replies":[{"embeddable":true,"href":"https:\/\/collcervera.com\/es\/wp-json\/wp\/v2\/comments?post=904"}],"version-history":[{"count":2,"href":"https:\/\/collcervera.com\/es\/wp-json\/wp\/v2\/pages\/904\/revisions"}],"predecessor-version":[{"id":2165,"href":"https:\/\/collcervera.com\/es\/wp-json\/wp\/v2\/pages\/904\/revisions\/2165"}],"wp:attachment":[{"href":"https:\/\/collcervera.com\/es\/wp-json\/wp\/v2\/media?parent=904"}],"curies":[{"name":"wp","href":"https:\/\/api.w.org\/{rel}","templated":true}]}}