{"id":891,"date":"2019-10-08T12:34:01","date_gmt":"2019-10-08T10:34:01","guid":{"rendered":"https:\/\/collcervera.com\/contacto\/"},"modified":"2024-05-19T17:49:44","modified_gmt":"2024-05-19T15:49:44","slug":"contacto","status":"publish","type":"page","link":"https:\/\/collcervera.com\/es\/contacto\/","title":{"rendered":"Contacto"},"content":{"rendered":"\t\t<div data-elementor-type=\"wp-page\" data-elementor-id=\"891\" class=\"elementor elementor-891 elementor-24\" data-elementor-post-type=\"page\">\n\t\t\t\t\t\t<section class=\"elementor-section elementor-top-section elementor-element elementor-element-ce8e7d0 text-centered elementor-section-stretched elementor-section-boxed elementor-section-height-default elementor-section-height-default\" data-id=\"ce8e7d0\" data-element_type=\"section\" data-settings=\"{&quot;stretch_section&quot;:&quot;section-stretched&quot;}\">\n\t\t\t\t\t\t<div class=\"elementor-container elementor-column-gap-default\">\n\t\t\t\t\t<div class=\"elementor-column elementor-col-100 elementor-top-column elementor-element elementor-element-0d3e534\" data-id=\"0d3e534\" data-element_type=\"column\">\n\t\t\t<div class=\"elementor-widget-wrap elementor-element-populated\">\n\t\t\t\t\t\t<div class=\"elementor-element elementor-element-0fae03d max-width-550  unna-font no-margin-bottom elementor-widget elementor-widget-text-editor\" data-id=\"0fae03d\" data-element_type=\"widget\" data-widget_type=\"text-editor.default\">\n\t\t\t\t<div class=\"elementor-widget-container\">\n\t\t\t\t\t\t\t\t\t<p>Env\u00edanos tu consulta o petici\u00f3n de reserva y te responderemos en un m\u00e1ximo de 24 horas.<\/p>\n<p>Si no encuentras disponibilidad podemos ofrecerte otras opciones o avisarte en caso de anulaci\u00f3n de alguna reserva.<\/p>\n\t\t\t\t\t\t\t\t<\/div>\n\t\t\t\t<\/div>\n\t\t\t\t<div class=\"elementor-element elementor-element-5d2560f no-margin-bottom text-centered unna-font font-42 elementor-widget elementor-widget-text-editor\" data-id=\"5d2560f\" data-element_type=\"widget\" data-widget_type=\"text-editor.default\">\n\t\t\t\t<div class=\"elementor-widget-container\">\n\t\t\t\t\t\t\t\t\t<p>ESCR\u00cdBENOS<\/p>\n\t\t\t\t\t\t\t\t<\/div>\n\t\t\t\t<\/div>\n\t\t\t\t\t<\/div>\n\t\t<\/div>\n\t\t\t\t\t<\/div>\n\t\t<\/section>\n\t\t\t\t<section class=\"elementor-section elementor-top-section elementor-element elementor-element-96028b5 elementor-section-stretched elementor-section-boxed elementor-section-height-default elementor-section-height-default\" data-id=\"96028b5\" data-element_type=\"section\" data-settings=\"{&quot;stretch_section&quot;:&quot;section-stretched&quot;}\">\n\t\t\t\t\t\t<div class=\"elementor-container elementor-column-gap-default\">\n\t\t\t\t\t<div class=\"elementor-column elementor-col-100 elementor-top-column elementor-element elementor-element-6110466 background-green\" data-id=\"6110466\" data-element_type=\"column\">\n\t\t\t<div class=\"elementor-widget-wrap elementor-element-populated\">\n\t\t\t\t\t\t<div class=\"elementor-element elementor-element-17e23fc  text-centered font-21 text-centered no-margin-bottom unna-font elementor-widget elementor-widget-text-editor\" data-id=\"17e23fc\" data-element_type=\"widget\" data-widget_type=\"text-editor.default\">\n\t\t\t\t<div class=\"elementor-widget-container\">\n\t\t\t\t\t\t\t\t\t<p>Xavi Puertas<\/p>\n<p>Casa Collcervera, Olvan \/ Barcelona<\/p>\n<p>(+34) 637.57.55.44\u00a0\u00a0\u00a0\u00a0 info@collcervera.com<\/p>\n\t\t\t\t\t\t\t\t<\/div>\n\t\t\t\t<\/div>\n\t\t\t\t<div class=\"elementor-element elementor-element-0033110 elementor-button-align-center text-centered elementor-widget elementor-widget-form\" data-id=\"0033110\" data-element_type=\"widget\" data-settings=\"{&quot;step_next_label&quot;:&quot;Next&quot;,&quot;step_previous_label&quot;:&quot;Previous&quot;,&quot;step_type&quot;:&quot;number_text&quot;,&quot;step_icon_shape&quot;:&quot;circle&quot;}\" data-widget_type=\"form.default\">\n\t\t\t\t<div class=\"elementor-widget-container\">\n\t\t\t\t\t\t\t<form class=\"elementor-form\" method=\"post\" name=\"Nuevo Formulario\">\n\t\t\t<input type=\"hidden\" name=\"post_id\" value=\"891\"\/>\n\t\t\t<input type=\"hidden\" name=\"form_id\" value=\"0033110\"\/>\n\t\t\t<input type=\"hidden\" name=\"referer_title\" value=\"\" \/>\n\n\t\t\t\n\t\t\t<div class=\"elementor-form-fields-wrapper elementor-labels-above\">\n\t\t\t\t\t\t\t\t<div class=\"elementor-field-type-text elementor-field-group elementor-column elementor-field-group-name elementor-col-50\">\n\t\t\t\t\t\t\t\t\t\t\t\t\t<input size=\"1\" type=\"text\" name=\"form_fields[name]\" id=\"form-field-name\" class=\"elementor-field elementor-size-sm  elementor-field-textual\" placeholder=\"NOMBRE\">\n\t\t\t\t\t\t\t\t\t\t\t<\/div>\n\t\t\t\t\t\t\t\t<div class=\"elementor-field-type-email elementor-field-group elementor-column elementor-field-group-email elementor-col-50 elementor-field-required\">\n\t\t\t\t\t\t\t\t\t\t\t\t\t<input size=\"1\" type=\"email\" name=\"form_fields[email]\" id=\"form-field-email\" class=\"elementor-field elementor-size-sm  elementor-field-textual\" placeholder=\"EMAIL\" required=\"required\" aria-required=\"true\">\n\t\t\t\t\t\t\t\t\t\t\t<\/div>\n\t\t\t\t\t\t\t\t<div class=\"elementor-field-type-text elementor-field-group elementor-column elementor-field-group-field_1 elementor-col-100 elementor-field-required\">\n\t\t\t\t\t\t\t\t\t\t\t\t\t<input size=\"1\" type=\"text\" name=\"form_fields[field_1]\" id=\"form-field-field_1\" class=\"elementor-field elementor-size-sm  elementor-field-textual\" placeholder=\"ASUNTO\" required=\"required\" aria-required=\"true\">\n\t\t\t\t\t\t\t\t\t\t\t<\/div>\n\t\t\t\t\t\t\t\t<div class=\"elementor-field-type-textarea elementor-field-group elementor-column elementor-field-group-message elementor-col-100\">\n\t\t\t\t\t<textarea class=\"elementor-field-textual elementor-field  elementor-size-sm\" name=\"form_fields[message]\" id=\"form-field-message\" rows=\"8\" placeholder=\"MENSAJE\"><\/textarea>\t\t\t\t<\/div>\n\t\t\t\t\t\t\t\t<div class=\"elementor-field-type-acceptance elementor-field-group elementor-column elementor-field-group-field_2 elementor-col-100 elementor-field-required\">\n\t\t\t\t\t\t\t<div class=\"elementor-field-subgroup\">\n\t\t\t<span class=\"elementor-field-option\">\n\t\t\t\t<input type=\"checkbox\" name=\"form_fields[field_2]\" id=\"form-field-field_2\" class=\"elementor-field elementor-size-sm  elementor-acceptance-field\" required=\"required\" aria-required=\"true\">\n\t\t\t\t<label for=\"form-field-field_2\">He le\u00eddo y acepto las <a href=\"https:\/\/collcervera.com\/es\/politica-de-privacidad\/\">condiciones de privacidad.<\/a><\/label>\t\t\t<\/span>\n\t\t<\/div>\n\t\t\t\t\t\t<\/div>\n\t\t\t\t\t\t\t\t<div class=\"elementor-field-type-html elementor-field-group elementor-column elementor-field-group-field_4 elementor-col-100\">\n\t\t\t\t\t<p class=\"font-12\">\r\n\t<label>\r\n\t\t<input type=\"checkbox\" name=\"mc4wp-subscribe\" value=\"1\" \/>\r\n\t\tDeseo recibir informaci\u00f3n sobre novedades y\/o ofertas sobre los alojamientos<\/label>\r\n<\/p>\r\n\t\t\t\t<\/div>\n\t\t\t\t\t\t\t\t<div class=\"elementor-field-group elementor-column elementor-field-type-submit elementor-col-100 e-form__buttons\">\n\t\t\t\t\t<button class=\"elementor-button elementor-size-md\" type=\"submit\">\n\t\t\t\t\t\t<span class=\"elementor-button-content-wrapper\">\n\t\t\t\t\t\t\t\t\t\t\t\t\t\t\t\t\t\t\t\t\t\t<span class=\"elementor-button-text\">ENVIAR<\/span>\n\t\t\t\t\t\t\t\t\t\t\t\t\t<\/span>\n\t\t\t\t\t<\/button>\n\t\t\t\t<\/div>\n\t\t\t<\/div>\n\t\t<\/form>\n\t\t\t\t\t\t<\/div>\n\t\t\t\t<\/div>\n\t\t\t\t<div class=\"elementor-element elementor-element-98565fd font-12 text-centered elementor-widget elementor-widget-text-editor\" data-id=\"98565fd\" data-element_type=\"widget\" data-widget_type=\"text-editor.default\">\n\t\t\t\t<div class=\"elementor-widget-container\">\n\t\t\t\t\t\t\t\t\t<p>La comunicaci\u00f3n\u00a0de sus datos ser\u00e1 objeto de tratamiento por parte del Responsable del Tratamiento JOSEP BUSCALLA COROMINAS. Esta comunicaci\u00f3n se utilizar\u00e1 exclusivamente para tratar sus datos para atender su solicitud, siempre de acuerdo al Reglamento (UE) 2016\/679\u00a0de 27 de abril de 2016 (RGPD), la Ley Org\u00e1nica\u00a03\/2018 de 5 de diciembre (LOPDGDD) y dem\u00e1s normativa legal vigente en materia de protecci\u00f3n de datos personales. Sus datos no se comunicaran a terceros, excepto por obligaci\u00f3n legal, y se mantendr\u00e1n mientras no solicite su cancelaci\u00f3n.<\/p>\n<p>En cualquier momento usted puede ejercer los derechos de acceso, rectificaci\u00f3n, portabilidad y oposici\u00f3n, o si procede, a la limitaci\u00f3n y\/o cancelaci\u00f3n del tratamiento, comunic\u00e1ndolo por escrito, indicando sus datos personales a Pla\u00e7a PI I MARGALL, 1 4art. 08680, GIRONELLA o mediante un email a info@collcervera.com.<\/p>\n\t\t\t\t\t\t\t\t<\/div>\n\t\t\t\t<\/div>\n\t\t\t\t\t<\/div>\n\t\t<\/div>\n\t\t\t\t\t<\/div>\n\t\t<\/section>\n\t\t\t\t<section class=\"elementor-section elementor-top-section elementor-element elementor-element-4db18f09 elementor-section-stretched elementor-section-boxed elementor-section-height-default elementor-section-height-default\" data-id=\"4db18f09\" data-element_type=\"section\" data-settings=\"{&quot;stretch_section&quot;:&quot;section-stretched&quot;}\">\n\t\t\t\t\t\t<div class=\"elementor-container elementor-column-gap-default\">\n\t\t\t\t\t<div class=\"elementor-column elementor-col-25 elementor-top-column elementor-element elementor-element-5f953770\" data-id=\"5f953770\" data-element_type=\"column\">\n\t\t\t<div class=\"elementor-widget-wrap elementor-element-populated\">\n\t\t\t\t\t\t<div class=\"elementor-element elementor-element-116ca957 elementor-widget elementor-widget-image\" data-id=\"116ca957\" data-element_type=\"widget\" data-widget_type=\"image.default\">\n\t\t\t\t<div class=\"elementor-widget-container\">\n\t\t\t\t\t\t\t\t\t\t\t\t\t\t\t\t<a href=\"https:\/\/collcervera.com\/es\/espacios-comunes\/\">\n\t\t\t\t\t\t\t<img fetchpriority=\"high\" decoding=\"async\" width=\"300\" height=\"400\" src=\"https:\/\/collcervera.com\/wp-content\/uploads\/2024\/05\/Footer_Espais_Comuns_300x400.webp\" class=\"attachment-full size-full wp-image-2729\" alt=\"\" srcset=\"https:\/\/collcervera.com\/wp-content\/uploads\/2024\/05\/Footer_Espais_Comuns_300x400.webp 300w, https:\/\/collcervera.com\/wp-content\/uploads\/2024\/05\/Footer_Espais_Comuns_300x400-225x300.webp 225w, https:\/\/collcervera.com\/wp-content\/uploads\/2024\/05\/Footer_Espais_Comuns_300x400-18x24.webp 18w, https:\/\/collcervera.com\/wp-content\/uploads\/2024\/05\/Footer_Espais_Comuns_300x400-27x36.webp 27w, https:\/\/collcervera.com\/wp-content\/uploads\/2024\/05\/Footer_Espais_Comuns_300x400-36x48.webp 36w\" sizes=\"(max-width: 300px) 100vw, 300px\" \/>\t\t\t\t\t\t\t\t<\/a>\n\t\t\t\t\t\t\t\t\t\t\t\t\t\t\t<\/div>\n\t\t\t\t<\/div>\n\t\t\t\t<div class=\"elementor-element elementor-element-15dc47f4 white text-centered no-margin-bottom unna-font font-36 line-height-18 elementor-widget elementor-widget-text-editor\" data-id=\"15dc47f4\" data-element_type=\"widget\" data-widget_type=\"text-editor.default\">\n\t\t\t\t<div class=\"elementor-widget-container\">\n\t\t\t\t\t\t\t\t\t<p><a href=\"https:\/\/collcervera.com\/es\/espacios-comunes\/\" target=\"_blank\" rel=\"noopener\">Espacios<\/a>\n<\/p>\n<p><a href=\"https:\/\/collcervera.com\/es\/espacios-comunes\/\" target=\"_blank\" rel=\"noopener\">Comunes<\/a><\/p>\n\t\t\t\t\t\t\t\t<\/div>\n\t\t\t\t<\/div>\n\t\t\t\t\t<\/div>\n\t\t<\/div>\n\t\t\t\t<div class=\"elementor-column elementor-col-25 elementor-top-column elementor-element elementor-element-6aab1611\" data-id=\"6aab1611\" data-element_type=\"column\">\n\t\t\t<div class=\"elementor-widget-wrap elementor-element-populated\">\n\t\t\t\t\t\t<div class=\"elementor-element elementor-element-124bc1c5 elementor-widget elementor-widget-image\" data-id=\"124bc1c5\" data-element_type=\"widget\" data-widget_type=\"image.default\">\n\t\t\t\t<div class=\"elementor-widget-container\">\n\t\t\t\t\t\t\t\t\t\t\t\t\t\t\t\t<a href=\"https:\/\/collcervera.com\/es\/tarifas\/\">\n\t\t\t\t\t\t\t<img decoding=\"async\" width=\"300\" height=\"400\" src=\"https:\/\/collcervera.com\/wp-content\/uploads\/2024\/05\/Footer_Tarifes_300x400.webp\" class=\"attachment-full size-full wp-image-2738\" alt=\"\" srcset=\"https:\/\/collcervera.com\/wp-content\/uploads\/2024\/05\/Footer_Tarifes_300x400.webp 300w, https:\/\/collcervera.com\/wp-content\/uploads\/2024\/05\/Footer_Tarifes_300x400-225x300.webp 225w, https:\/\/collcervera.com\/wp-content\/uploads\/2024\/05\/Footer_Tarifes_300x400-18x24.webp 18w, https:\/\/collcervera.com\/wp-content\/uploads\/2024\/05\/Footer_Tarifes_300x400-27x36.webp 27w, https:\/\/collcervera.com\/wp-content\/uploads\/2024\/05\/Footer_Tarifes_300x400-36x48.webp 36w\" sizes=\"(max-width: 300px) 100vw, 300px\" \/>\t\t\t\t\t\t\t\t<\/a>\n\t\t\t\t\t\t\t\t\t\t\t\t\t\t\t<\/div>\n\t\t\t\t<\/div>\n\t\t\t\t<div class=\"elementor-element elementor-element-728c8ce6 white text-centered no-margin-bottom unna-font font-36 elementor-widget elementor-widget-text-editor\" data-id=\"728c8ce6\" data-element_type=\"widget\" data-widget_type=\"text-editor.default\">\n\t\t\t\t<div class=\"elementor-widget-container\">\n\t\t\t\t\t\t\t\t\t<p><a href=\"https:\/\/collcervera.com\/es\/tarifas\/\">Tarifas<\/a><\/p>\n\t\t\t\t\t\t\t\t<\/div>\n\t\t\t\t<\/div>\n\t\t\t\t\t<\/div>\n\t\t<\/div>\n\t\t\t\t<div class=\"elementor-column elementor-col-25 elementor-top-column elementor-element elementor-element-633e21b9\" data-id=\"633e21b9\" data-element_type=\"column\">\n\t\t\t<div class=\"elementor-widget-wrap elementor-element-populated\">\n\t\t\t\t\t\t<div class=\"elementor-element elementor-element-a0b4e97 elementor-widget elementor-widget-image\" data-id=\"a0b4e97\" data-element_type=\"widget\" data-widget_type=\"image.default\">\n\t\t\t\t<div class=\"elementor-widget-container\">\n\t\t\t\t\t\t\t\t\t\t\t\t\t\t\t\t<a href=\"https:\/\/collcervera.com\/es\/ubicacion\/\">\n\t\t\t\t\t\t\t<img decoding=\"async\" width=\"300\" height=\"400\" src=\"https:\/\/collcervera.com\/wp-content\/uploads\/2024\/05\/Footer_On_Som_300x400.webp\" class=\"attachment-full size-full wp-image-2732\" alt=\"\" srcset=\"https:\/\/collcervera.com\/wp-content\/uploads\/2024\/05\/Footer_On_Som_300x400.webp 300w, https:\/\/collcervera.com\/wp-content\/uploads\/2024\/05\/Footer_On_Som_300x400-225x300.webp 225w, https:\/\/collcervera.com\/wp-content\/uploads\/2024\/05\/Footer_On_Som_300x400-18x24.webp 18w, https:\/\/collcervera.com\/wp-content\/uploads\/2024\/05\/Footer_On_Som_300x400-27x36.webp 27w, https:\/\/collcervera.com\/wp-content\/uploads\/2024\/05\/Footer_On_Som_300x400-36x48.webp 36w\" sizes=\"(max-width: 300px) 100vw, 300px\" \/>\t\t\t\t\t\t\t\t<\/a>\n\t\t\t\t\t\t\t\t\t\t\t\t\t\t\t<\/div>\n\t\t\t\t<\/div>\n\t\t\t\t<div class=\"elementor-element elementor-element-36c467f9 white text-centered no-margin-bottom unna-font font-36 elementor-widget elementor-widget-text-editor\" data-id=\"36c467f9\" data-element_type=\"widget\" data-widget_type=\"text-editor.default\">\n\t\t\t\t<div class=\"elementor-widget-container\">\n\t\t\t\t\t\t\t\t\t<p><a href=\"https:\/\/collcervera.com\/es\/ubicacion\/\">D\u00f3nde estamos<\/a><\/p>\n\t\t\t\t\t\t\t\t<\/div>\n\t\t\t\t<\/div>\n\t\t\t\t\t<\/div>\n\t\t<\/div>\n\t\t\t\t<div class=\"elementor-column elementor-col-25 elementor-top-column elementor-element elementor-element-4ff996bf\" data-id=\"4ff996bf\" data-element_type=\"column\">\n\t\t\t<div class=\"elementor-widget-wrap elementor-element-populated\">\n\t\t\t\t\t\t<div class=\"elementor-element elementor-element-6efe215c elementor-widget elementor-widget-image\" data-id=\"6efe215c\" data-element_type=\"widget\" data-widget_type=\"image.default\">\n\t\t\t\t<div class=\"elementor-widget-container\">\n\t\t\t\t\t\t\t\t\t\t\t\t\t\t\t\t<a href=\"https:\/\/collcervera.com\/es\/actividades\/\">\n\t\t\t\t\t\t\t<img loading=\"lazy\" decoding=\"async\" width=\"300\" height=\"400\" src=\"https:\/\/collcervera.com\/wp-content\/uploads\/2024\/05\/Footer_Que_Fer_300x400.webp\" class=\"attachment-full size-full wp-image-2735\" alt=\"\" srcset=\"https:\/\/collcervera.com\/wp-content\/uploads\/2024\/05\/Footer_Que_Fer_300x400.webp 300w, https:\/\/collcervera.com\/wp-content\/uploads\/2024\/05\/Footer_Que_Fer_300x400-225x300.webp 225w, https:\/\/collcervera.com\/wp-content\/uploads\/2024\/05\/Footer_Que_Fer_300x400-18x24.webp 18w, https:\/\/collcervera.com\/wp-content\/uploads\/2024\/05\/Footer_Que_Fer_300x400-27x36.webp 27w, https:\/\/collcervera.com\/wp-content\/uploads\/2024\/05\/Footer_Que_Fer_300x400-36x48.webp 36w\" sizes=\"(max-width: 300px) 100vw, 300px\" \/>\t\t\t\t\t\t\t\t<\/a>\n\t\t\t\t\t\t\t\t\t\t\t\t\t\t\t<\/div>\n\t\t\t\t<\/div>\n\t\t\t\t<div class=\"elementor-element elementor-element-4bf4beb8 white text-centered no-margin-bottom unna-font font-36 elementor-widget elementor-widget-text-editor\" data-id=\"4bf4beb8\" data-element_type=\"widget\" data-widget_type=\"text-editor.default\">\n\t\t\t\t<div class=\"elementor-widget-container\">\n\t\t\t\t\t\t\t\t\t<p><a href=\"https:\/\/collcervera.com\/es\/actividades\/\">Qu\u00e9 hacer<\/a><\/p>\n\t\t\t\t\t\t\t\t<\/div>\n\t\t\t\t<\/div>\n\t\t\t\t\t<\/div>\n\t\t<\/div>\n\t\t\t\t\t<\/div>\n\t\t<\/section>\n\t\t\t\t<\/div>\n\t\t","protected":false},"excerpt":{"rendered":"<p>Env\u00edanos tu consulta o petici\u00f3n de reserva y te responderemos en un m\u00e1ximo de 24 horas. Si no encuentras disponibilidad podemos ofrecerte otras opciones o avisarte en caso de anulaci\u00f3n de alguna reserva. ESCR\u00cdBENOS Xavi Puertas Casa Collcervera, Olvan \/ Barcelona (+34) 637.57.55.44\u00a0\u00a0\u00a0\u00a0 info@collcervera.com La comunicaci\u00f3n\u00a0de sus datos ser\u00e1 objeto de tratamiento por parte del [&hellip;]<\/p>\n","protected":false},"author":1,"featured_media":0,"parent":0,"menu_order":0,"comment_status":"closed","ping_status":"closed","template":"","meta":{"_genesis_hide_title":false,"_genesis_hide_breadcrumbs":false,"_genesis_hide_singular_image":false,"_genesis_hide_footer_widgets":false,"_genesis_custom_body_class":"","_genesis_custom_post_class":"","_genesis_layout":"","footnotes":""},"class_list":{"0":"post-891","1":"page","2":"type-page","3":"status-publish","5":"entry"},"yoast_head":"<!-- This site is optimized with the Yoast SEO plugin v24.2 - https:\/\/yoast.com\/wordpress\/plugins\/seo\/ -->\n<title>Contacto - Collcervera<\/title>\n<meta name=\"robots\" content=\"index, follow, max-snippet:-1, max-image-preview:large, max-video-preview:-1\" \/>\n<link rel=\"canonical\" href=\"https:\/\/collcervera.com\/es\/contacto\/\" \/>\n<meta property=\"og:locale\" content=\"es_ES\" \/>\n<meta property=\"og:type\" content=\"article\" \/>\n<meta property=\"og:title\" content=\"Contacto - Collcervera\" \/>\n<meta property=\"og:description\" content=\"Env\u00edanos tu consulta o petici\u00f3n de reserva y te responderemos en un m\u00e1ximo de 24 horas. Si no encuentras disponibilidad podemos ofrecerte otras opciones o avisarte en caso de anulaci\u00f3n de alguna reserva. ESCR\u00cdBENOS Xavi Puertas Casa Collcervera, Olvan \/ Barcelona (+34) 637.57.55.44\u00a0\u00a0\u00a0\u00a0 info@collcervera.com La comunicaci\u00f3n\u00a0de sus datos ser\u00e1 objeto de tratamiento por parte del [&hellip;]\" \/>\n<meta property=\"og:url\" content=\"https:\/\/collcervera.com\/es\/contacto\/\" \/>\n<meta property=\"og:site_name\" content=\"Collcervera\" \/>\n<meta property=\"article:modified_time\" content=\"2024-05-19T15:49:44+00:00\" \/>\n<meta property=\"og:image\" content=\"https:\/\/collcervera.com\/wp-content\/uploads\/2024\/05\/Footer_Espais_Comuns_300x400.webp\" \/>\n<meta name=\"twitter:card\" content=\"summary_large_image\" \/>\n<meta name=\"twitter:label1\" content=\"Tiempo de lectura\" \/>\n\t<meta name=\"twitter:data1\" content=\"1 minuto\" \/>\n<script type=\"application\/ld+json\" class=\"yoast-schema-graph\">{\"@context\":\"https:\/\/schema.org\",\"@graph\":[{\"@type\":\"WebPage\",\"@id\":\"https:\/\/collcervera.com\/es\/contacto\/\",\"url\":\"https:\/\/collcervera.com\/es\/contacto\/\",\"name\":\"Contacto - Collcervera\",\"isPartOf\":{\"@id\":\"https:\/\/collcervera.com\/es\/#website\"},\"primaryImageOfPage\":{\"@id\":\"https:\/\/collcervera.com\/es\/contacto\/#primaryimage\"},\"image\":{\"@id\":\"https:\/\/collcervera.com\/es\/contacto\/#primaryimage\"},\"thumbnailUrl\":\"https:\/\/collcervera.com\/wp-content\/uploads\/2024\/05\/Footer_Espais_Comuns_300x400.webp\",\"datePublished\":\"2019-10-08T10:34:01+00:00\",\"dateModified\":\"2024-05-19T15:49:44+00:00\",\"breadcrumb\":{\"@id\":\"https:\/\/collcervera.com\/es\/contacto\/#breadcrumb\"},\"inLanguage\":\"es\",\"potentialAction\":[{\"@type\":\"ReadAction\",\"target\":[\"https:\/\/collcervera.com\/es\/contacto\/\"]}]},{\"@type\":\"ImageObject\",\"inLanguage\":\"es\",\"@id\":\"https:\/\/collcervera.com\/es\/contacto\/#primaryimage\",\"url\":\"https:\/\/collcervera.com\/wp-content\/uploads\/2024\/05\/Footer_Espais_Comuns_300x400.webp\",\"contentUrl\":\"https:\/\/collcervera.com\/wp-content\/uploads\/2024\/05\/Footer_Espais_Comuns_300x400.webp\"},{\"@type\":\"BreadcrumbList\",\"@id\":\"https:\/\/collcervera.com\/es\/contacto\/#breadcrumb\",\"itemListElement\":[{\"@type\":\"ListItem\",\"position\":1,\"name\":\"Portada\",\"item\":\"https:\/\/collcervera.com\/es\/\"},{\"@type\":\"ListItem\",\"position\":2,\"name\":\"Contacto\"}]},{\"@type\":\"WebSite\",\"@id\":\"https:\/\/collcervera.com\/es\/#website\",\"url\":\"https:\/\/collcervera.com\/es\/\",\"name\":\"Collcervera\",\"description\":\"Mi blog de WordPress\",\"publisher\":{\"@id\":\"https:\/\/collcervera.com\/es\/#organization\"},\"potentialAction\":[{\"@type\":\"SearchAction\",\"target\":{\"@type\":\"EntryPoint\",\"urlTemplate\":\"https:\/\/collcervera.com\/es\/?s={search_term_string}\"},\"query-input\":{\"@type\":\"PropertyValueSpecification\",\"valueRequired\":true,\"valueName\":\"search_term_string\"}}],\"inLanguage\":\"es\"},{\"@type\":\"Organization\",\"@id\":\"https:\/\/collcervera.com\/es\/#organization\",\"name\":\"Agroturisme Collcervera\",\"url\":\"https:\/\/collcervera.com\/es\/\",\"logo\":{\"@type\":\"ImageObject\",\"inLanguage\":\"es\",\"@id\":\"https:\/\/collcervera.com\/es\/#\/schema\/logo\/image\/\",\"url\":\"https:\/\/collcervera.com\/wp-content\/uploads\/2019\/12\/collcervera_2x.png\",\"contentUrl\":\"https:\/\/collcervera.com\/wp-content\/uploads\/2019\/12\/collcervera_2x.png\",\"width\":200,\"height\":50,\"caption\":\"Agroturisme Collcervera\"},\"image\":{\"@id\":\"https:\/\/collcervera.com\/es\/#\/schema\/logo\/image\/\"}}]}<\/script>\n<!-- \/ Yoast SEO plugin. -->","yoast_head_json":{"title":"Contacto - Collcervera","robots":{"index":"index","follow":"follow","max-snippet":"max-snippet:-1","max-image-preview":"max-image-preview:large","max-video-preview":"max-video-preview:-1"},"canonical":"https:\/\/collcervera.com\/es\/contacto\/","og_locale":"es_ES","og_type":"article","og_title":"Contacto - Collcervera","og_description":"Env\u00edanos tu consulta o petici\u00f3n de reserva y te responderemos en un m\u00e1ximo de 24 horas. Si no encuentras disponibilidad podemos ofrecerte otras opciones o avisarte en caso de anulaci\u00f3n de alguna reserva. ESCR\u00cdBENOS Xavi Puertas Casa Collcervera, Olvan \/ Barcelona (+34) 637.57.55.44\u00a0\u00a0\u00a0\u00a0 info@collcervera.com La comunicaci\u00f3n\u00a0de sus datos ser\u00e1 objeto de tratamiento por parte del [&hellip;]","og_url":"https:\/\/collcervera.com\/es\/contacto\/","og_site_name":"Collcervera","article_modified_time":"2024-05-19T15:49:44+00:00","og_image":[{"url":"https:\/\/collcervera.com\/wp-content\/uploads\/2024\/05\/Footer_Espais_Comuns_300x400.webp","type":"","width":"","height":""}],"twitter_card":"summary_large_image","twitter_misc":{"Tiempo de lectura":"1 minuto"},"schema":{"@context":"https:\/\/schema.org","@graph":[{"@type":"WebPage","@id":"https:\/\/collcervera.com\/es\/contacto\/","url":"https:\/\/collcervera.com\/es\/contacto\/","name":"Contacto - Collcervera","isPartOf":{"@id":"https:\/\/collcervera.com\/es\/#website"},"primaryImageOfPage":{"@id":"https:\/\/collcervera.com\/es\/contacto\/#primaryimage"},"image":{"@id":"https:\/\/collcervera.com\/es\/contacto\/#primaryimage"},"thumbnailUrl":"https:\/\/collcervera.com\/wp-content\/uploads\/2024\/05\/Footer_Espais_Comuns_300x400.webp","datePublished":"2019-10-08T10:34:01+00:00","dateModified":"2024-05-19T15:49:44+00:00","breadcrumb":{"@id":"https:\/\/collcervera.com\/es\/contacto\/#breadcrumb"},"inLanguage":"es","potentialAction":[{"@type":"ReadAction","target":["https:\/\/collcervera.com\/es\/contacto\/"]}]},{"@type":"ImageObject","inLanguage":"es","@id":"https:\/\/collcervera.com\/es\/contacto\/#primaryimage","url":"https:\/\/collcervera.com\/wp-content\/uploads\/2024\/05\/Footer_Espais_Comuns_300x400.webp","contentUrl":"https:\/\/collcervera.com\/wp-content\/uploads\/2024\/05\/Footer_Espais_Comuns_300x400.webp"},{"@type":"BreadcrumbList","@id":"https:\/\/collcervera.com\/es\/contacto\/#breadcrumb","itemListElement":[{"@type":"ListItem","position":1,"name":"Portada","item":"https:\/\/collcervera.com\/es\/"},{"@type":"ListItem","position":2,"name":"Contacto"}]},{"@type":"WebSite","@id":"https:\/\/collcervera.com\/es\/#website","url":"https:\/\/collcervera.com\/es\/","name":"Collcervera","description":"Mi blog de WordPress","publisher":{"@id":"https:\/\/collcervera.com\/es\/#organization"},"potentialAction":[{"@type":"SearchAction","target":{"@type":"EntryPoint","urlTemplate":"https:\/\/collcervera.com\/es\/?s={search_term_string}"},"query-input":{"@type":"PropertyValueSpecification","valueRequired":true,"valueName":"search_term_string"}}],"inLanguage":"es"},{"@type":"Organization","@id":"https:\/\/collcervera.com\/es\/#organization","name":"Agroturisme Collcervera","url":"https:\/\/collcervera.com\/es\/","logo":{"@type":"ImageObject","inLanguage":"es","@id":"https:\/\/collcervera.com\/es\/#\/schema\/logo\/image\/","url":"https:\/\/collcervera.com\/wp-content\/uploads\/2019\/12\/collcervera_2x.png","contentUrl":"https:\/\/collcervera.com\/wp-content\/uploads\/2019\/12\/collcervera_2x.png","width":200,"height":50,"caption":"Agroturisme Collcervera"},"image":{"@id":"https:\/\/collcervera.com\/es\/#\/schema\/logo\/image\/"}}]}},"_links":{"self":[{"href":"https:\/\/collcervera.com\/es\/wp-json\/wp\/v2\/pages\/891","targetHints":{"allow":["GET"]}}],"collection":[{"href":"https:\/\/collcervera.com\/es\/wp-json\/wp\/v2\/pages"}],"about":[{"href":"https:\/\/collcervera.com\/es\/wp-json\/wp\/v2\/types\/page"}],"author":[{"embeddable":true,"href":"https:\/\/collcervera.com\/es\/wp-json\/wp\/v2\/users\/1"}],"replies":[{"embeddable":true,"href":"https:\/\/collcervera.com\/es\/wp-json\/wp\/v2\/comments?post=891"}],"version-history":[{"count":13,"href":"https:\/\/collcervera.com\/es\/wp-json\/wp\/v2\/pages\/891\/revisions"}],"predecessor-version":[{"id":2799,"href":"https:\/\/collcervera.com\/es\/wp-json\/wp\/v2\/pages\/891\/revisions\/2799"}],"wp:attachment":[{"href":"https:\/\/collcervera.com\/es\/wp-json\/wp\/v2\/media?parent=891"}],"curies":[{"name":"wp","href":"https:\/\/api.w.org\/{rel}","templated":true}]}}