{"id":1024,"date":"2019-10-08T14:18:14","date_gmt":"2019-10-08T12:18:14","guid":{"rendered":"https:\/\/collcervera.com\/contact\/"},"modified":"2024-05-19T17:49:28","modified_gmt":"2024-05-19T15:49:28","slug":"contact","status":"publish","type":"page","link":"https:\/\/collcervera.com\/en\/contact\/","title":{"rendered":"Contact"},"content":{"rendered":"\t\t<div data-elementor-type=\"wp-page\" data-elementor-id=\"1024\" class=\"elementor elementor-1024 elementor-24\" data-elementor-post-type=\"page\">\n\t\t\t\t\t\t<section class=\"elementor-section elementor-top-section elementor-element elementor-element-ce8e7d0 text-centered elementor-section-stretched elementor-section-boxed elementor-section-height-default elementor-section-height-default\" data-id=\"ce8e7d0\" data-element_type=\"section\" data-settings=\"{&quot;stretch_section&quot;:&quot;section-stretched&quot;}\">\n\t\t\t\t\t\t<div class=\"elementor-container elementor-column-gap-default\">\n\t\t\t\t\t<div class=\"elementor-column elementor-col-100 elementor-top-column elementor-element elementor-element-0d3e534\" data-id=\"0d3e534\" data-element_type=\"column\">\n\t\t\t<div class=\"elementor-widget-wrap elementor-element-populated\">\n\t\t\t\t\t\t<div class=\"elementor-element elementor-element-0fae03d max-width-550  unna-font no-margin-bottom elementor-widget elementor-widget-text-editor\" data-id=\"0fae03d\" data-element_type=\"widget\" data-widget_type=\"text-editor.default\">\n\t\t\t\t<div class=\"elementor-widget-container\">\n\t\t\t\t\t\t\t\t\t<p>Fes la teva consulta per tel\u00e8fon o per correu electr\u00f2nic i et respondrem en un m\u00e0xim de 24 hores<\/p>\n\t\t\t\t\t\t\t\t<\/div>\n\t\t\t\t<\/div>\n\t\t\t\t<div class=\"elementor-element elementor-element-5d2560f no-margin-bottom text-centered unna-font font-42 elementor-widget elementor-widget-text-editor\" data-id=\"5d2560f\" data-element_type=\"widget\" data-widget_type=\"text-editor.default\">\n\t\t\t\t<div class=\"elementor-widget-container\">\n\t\t\t\t\t\t\t\t\t<p>WRITE US<\/p>\n\t\t\t\t\t\t\t\t<\/div>\n\t\t\t\t<\/div>\n\t\t\t\t\t<\/div>\n\t\t<\/div>\n\t\t\t\t\t<\/div>\n\t\t<\/section>\n\t\t\t\t<section class=\"elementor-section elementor-top-section elementor-element elementor-element-96028b5 elementor-section-stretched elementor-section-boxed elementor-section-height-default elementor-section-height-default\" data-id=\"96028b5\" data-element_type=\"section\" data-settings=\"{&quot;stretch_section&quot;:&quot;section-stretched&quot;}\">\n\t\t\t\t\t\t<div class=\"elementor-container elementor-column-gap-default\">\n\t\t\t\t\t<div class=\"elementor-column elementor-col-100 elementor-top-column elementor-element elementor-element-6110466 background-green\" data-id=\"6110466\" data-element_type=\"column\">\n\t\t\t<div class=\"elementor-widget-wrap elementor-element-populated\">\n\t\t\t\t\t\t<div class=\"elementor-element elementor-element-17e23fc  text-centered font-21 text-centered no-margin-bottom unna-font elementor-widget elementor-widget-text-editor\" data-id=\"17e23fc\" data-element_type=\"widget\" data-widget_type=\"text-editor.default\">\n\t\t\t\t<div class=\"elementor-widget-container\">\n\t\t\t\t\t\t\t\t\t<p>Xavi Puertas<\/p>\n<p>Casa Collcervera, Olvan \/ Barcelona<\/p>\n<p>(+34) 637.57.55.44\u00a0\u00a0\u00a0\u00a0 info@collcervera.com<\/p>\n\t\t\t\t\t\t\t\t<\/div>\n\t\t\t\t<\/div>\n\t\t\t\t<div class=\"elementor-element elementor-element-0033110 elementor-button-align-center text-centered elementor-widget elementor-widget-form\" data-id=\"0033110\" data-element_type=\"widget\" data-settings=\"{&quot;step_next_label&quot;:&quot;Next&quot;,&quot;step_previous_label&quot;:&quot;Previous&quot;,&quot;step_type&quot;:&quot;number_text&quot;,&quot;step_icon_shape&quot;:&quot;circle&quot;}\" data-widget_type=\"form.default\">\n\t\t\t\t<div class=\"elementor-widget-container\">\n\t\t\t\t\t\t\t<form class=\"elementor-form\" method=\"post\" name=\"Nuevo Formulario\">\n\t\t\t<input type=\"hidden\" name=\"post_id\" value=\"1024\"\/>\n\t\t\t<input type=\"hidden\" name=\"form_id\" value=\"0033110\"\/>\n\t\t\t<input type=\"hidden\" name=\"referer_title\" value=\"\" \/>\n\n\t\t\t\n\t\t\t<div class=\"elementor-form-fields-wrapper elementor-labels-above\">\n\t\t\t\t\t\t\t\t<div class=\"elementor-field-type-text elementor-field-group elementor-column elementor-field-group-name elementor-col-50\">\n\t\t\t\t\t\t\t\t\t\t\t\t\t<input size=\"1\" type=\"text\" name=\"form_fields[name]\" id=\"form-field-name\" class=\"elementor-field elementor-size-sm  elementor-field-textual\" placeholder=\"NAME\">\n\t\t\t\t\t\t\t\t\t\t\t<\/div>\n\t\t\t\t\t\t\t\t<div class=\"elementor-field-type-email elementor-field-group elementor-column elementor-field-group-email elementor-col-50 elementor-field-required\">\n\t\t\t\t\t\t\t\t\t\t\t\t\t<input size=\"1\" type=\"email\" name=\"form_fields[email]\" id=\"form-field-email\" class=\"elementor-field elementor-size-sm  elementor-field-textual\" placeholder=\"EMAIL\" required=\"required\" aria-required=\"true\">\n\t\t\t\t\t\t\t\t\t\t\t<\/div>\n\t\t\t\t\t\t\t\t<div class=\"elementor-field-type-text elementor-field-group elementor-column elementor-field-group-field_1 elementor-col-100 elementor-field-required\">\n\t\t\t\t\t\t\t\t\t\t\t\t\t<input size=\"1\" type=\"text\" name=\"form_fields[field_1]\" id=\"form-field-field_1\" class=\"elementor-field elementor-size-sm  elementor-field-textual\" placeholder=\"ISSUE\" required=\"required\" aria-required=\"true\">\n\t\t\t\t\t\t\t\t\t\t\t<\/div>\n\t\t\t\t\t\t\t\t<div class=\"elementor-field-type-textarea elementor-field-group elementor-column elementor-field-group-message elementor-col-100\">\n\t\t\t\t\t<textarea class=\"elementor-field-textual elementor-field  elementor-size-sm\" name=\"form_fields[message]\" id=\"form-field-message\" rows=\"8\" placeholder=\"MESSAGE\"><\/textarea>\t\t\t\t<\/div>\n\t\t\t\t\t\t\t\t<div class=\"elementor-field-type-acceptance elementor-field-group elementor-column elementor-field-group-field_2 elementor-col-100 elementor-field-required\">\n\t\t\t\t\t\t\t<div class=\"elementor-field-subgroup\">\n\t\t\t<span class=\"elementor-field-option\">\n\t\t\t\t<input type=\"checkbox\" name=\"form_fields[field_2]\" id=\"form-field-field_2\" class=\"elementor-field elementor-size-sm  elementor-acceptance-field\" required=\"required\" aria-required=\"true\">\n\t\t\t\t<label for=\"form-field-field_2\">I have read and I accept the <a href=\"https:\/\/collcervera.com\/en\/private-policy\/\">privacy conditions<\/a><\/label>\t\t\t<\/span>\n\t\t<\/div>\n\t\t\t\t\t\t<\/div>\n\t\t\t\t\t\t\t\t<div class=\"elementor-field-type-html elementor-field-group elementor-column elementor-field-group-field_4 elementor-col-100\">\n\t\t\t\t\t<p class=\"font-12\">\r\n\t<label>\r\n\t\t<input type=\"checkbox\" name=\"mc4wp-subscribe\" value=\"1\" \/> I want to receive information about news and\/or offers about accommodation<\/label>\r\n<\/p>\r\n\t\t\t\t<\/div>\n\t\t\t\t\t\t\t\t<div class=\"elementor-field-group elementor-column elementor-field-type-submit elementor-col-100 e-form__buttons\">\n\t\t\t\t\t<button class=\"elementor-button elementor-size-md\" type=\"submit\">\n\t\t\t\t\t\t<span class=\"elementor-button-content-wrapper\">\n\t\t\t\t\t\t\t\t\t\t\t\t\t\t\t\t\t\t\t\t\t\t<span class=\"elementor-button-text\">SEND<\/span>\n\t\t\t\t\t\t\t\t\t\t\t\t\t<\/span>\n\t\t\t\t\t<\/button>\n\t\t\t\t<\/div>\n\t\t\t<\/div>\n\t\t<\/form>\n\t\t\t\t\t\t<\/div>\n\t\t\t\t<\/div>\n\t\t\t\t<div class=\"elementor-element elementor-element-98565fd font-12 text-centered elementor-widget elementor-widget-text-editor\" data-id=\"98565fd\" data-element_type=\"widget\" data-widget_type=\"text-editor.default\">\n\t\t\t\t<div class=\"elementor-widget-container\">\n\t\t\t\t\t\t\t\t\t<p>The communication sent will be incorporated into a file for which JOSEP BUSCALLA COROMINAS.\u00a0This communication will be used exclusively to\u00a0process your data to meet your request,\u00a0always in accordance with Regulation (EU) 2016\/679 of April 27, 2016 (RGPD), the Organic Law 3\/2018 of December 5 (LOPDGDD) and other legal regulations in force on the protection of personal data. Your data will not be communicated (shared with) to third parties, except by legal obligation, and will be maintained as long as you do not request a cancellation.<\/p>\n<p>At any time you\u00a0can exercise the right of access, rectification, portability and opposition, or if applicable, the limitation and\/or cancellation of the processing, providing it in writing, indicating your personal data to Pla\u00e7a PI I MARGALL, 1 4art. 08680, GIRONELLA or by sending email to JOSEP BUSCALLA COROMINAS.<\/p>\n\t\t\t\t\t\t\t\t<\/div>\n\t\t\t\t<\/div>\n\t\t\t\t\t<\/div>\n\t\t<\/div>\n\t\t\t\t\t<\/div>\n\t\t<\/section>\n\t\t\t\t<section class=\"elementor-section elementor-top-section elementor-element elementor-element-4db18f09 elementor-section-stretched elementor-section-boxed elementor-section-height-default elementor-section-height-default\" data-id=\"4db18f09\" data-element_type=\"section\" data-settings=\"{&quot;stretch_section&quot;:&quot;section-stretched&quot;}\">\n\t\t\t\t\t\t<div class=\"elementor-container elementor-column-gap-default\">\n\t\t\t\t\t<div class=\"elementor-column elementor-col-25 elementor-top-column elementor-element elementor-element-5f953770\" data-id=\"5f953770\" data-element_type=\"column\">\n\t\t\t<div class=\"elementor-widget-wrap elementor-element-populated\">\n\t\t\t\t\t\t<div class=\"elementor-element elementor-element-116ca957 elementor-widget elementor-widget-image\" data-id=\"116ca957\" data-element_type=\"widget\" data-widget_type=\"image.default\">\n\t\t\t\t<div class=\"elementor-widget-container\">\n\t\t\t\t\t\t\t\t\t\t\t\t\t\t\t\t<a href=\"https:\/\/collcervera.com\/en\/shared-spaces\/\">\n\t\t\t\t\t\t\t<img fetchpriority=\"high\" decoding=\"async\" width=\"300\" height=\"400\" src=\"https:\/\/collcervera.com\/wp-content\/uploads\/2024\/05\/Footer_Espais_Comuns_300x400.webp\" class=\"attachment-full size-full wp-image-2729\" alt=\"\" srcset=\"https:\/\/collcervera.com\/wp-content\/uploads\/2024\/05\/Footer_Espais_Comuns_300x400.webp 300w, https:\/\/collcervera.com\/wp-content\/uploads\/2024\/05\/Footer_Espais_Comuns_300x400-225x300.webp 225w, https:\/\/collcervera.com\/wp-content\/uploads\/2024\/05\/Footer_Espais_Comuns_300x400-18x24.webp 18w, https:\/\/collcervera.com\/wp-content\/uploads\/2024\/05\/Footer_Espais_Comuns_300x400-27x36.webp 27w, https:\/\/collcervera.com\/wp-content\/uploads\/2024\/05\/Footer_Espais_Comuns_300x400-36x48.webp 36w\" sizes=\"(max-width: 300px) 100vw, 300px\" \/>\t\t\t\t\t\t\t\t<\/a>\n\t\t\t\t\t\t\t\t\t\t\t\t\t\t\t<\/div>\n\t\t\t\t<\/div>\n\t\t\t\t<div class=\"elementor-element elementor-element-15dc47f4 white text-centered no-margin-bottom unna-font font-36 line-height-18 elementor-widget elementor-widget-text-editor\" data-id=\"15dc47f4\" data-element_type=\"widget\" data-widget_type=\"text-editor.default\">\n\t\t\t\t<div class=\"elementor-widget-container\">\n\t\t\t\t\t\t\t\t\t<p><a href=\"https:\/\/collcervera.com\/en\/shared-spaces\/\" target=\"_blank\" rel=\"noopener\">Shared<\/a>\n<\/p>\n<p><a href=\"https:\/\/collcervera.com\/en\/shared-spaces\/\" target=\"_blank\" rel=\"noopener\">Spaces<\/a><\/p>\n\t\t\t\t\t\t\t\t<\/div>\n\t\t\t\t<\/div>\n\t\t\t\t\t<\/div>\n\t\t<\/div>\n\t\t\t\t<div class=\"elementor-column elementor-col-25 elementor-top-column elementor-element elementor-element-6aab1611\" data-id=\"6aab1611\" data-element_type=\"column\">\n\t\t\t<div class=\"elementor-widget-wrap elementor-element-populated\">\n\t\t\t\t\t\t<div class=\"elementor-element elementor-element-124bc1c5 elementor-widget elementor-widget-image\" data-id=\"124bc1c5\" data-element_type=\"widget\" data-widget_type=\"image.default\">\n\t\t\t\t<div class=\"elementor-widget-container\">\n\t\t\t\t\t\t\t\t\t\t\t\t\t\t\t\t<a href=\"https:\/\/collcervera.com\/en\/rates\/\">\n\t\t\t\t\t\t\t<img decoding=\"async\" width=\"300\" height=\"400\" src=\"https:\/\/collcervera.com\/wp-content\/uploads\/2024\/05\/Footer_Tarifes_300x400.webp\" class=\"attachment-full size-full wp-image-2738\" alt=\"\" srcset=\"https:\/\/collcervera.com\/wp-content\/uploads\/2024\/05\/Footer_Tarifes_300x400.webp 300w, https:\/\/collcervera.com\/wp-content\/uploads\/2024\/05\/Footer_Tarifes_300x400-225x300.webp 225w, https:\/\/collcervera.com\/wp-content\/uploads\/2024\/05\/Footer_Tarifes_300x400-18x24.webp 18w, https:\/\/collcervera.com\/wp-content\/uploads\/2024\/05\/Footer_Tarifes_300x400-27x36.webp 27w, https:\/\/collcervera.com\/wp-content\/uploads\/2024\/05\/Footer_Tarifes_300x400-36x48.webp 36w\" sizes=\"(max-width: 300px) 100vw, 300px\" \/>\t\t\t\t\t\t\t\t<\/a>\n\t\t\t\t\t\t\t\t\t\t\t\t\t\t\t<\/div>\n\t\t\t\t<\/div>\n\t\t\t\t<div class=\"elementor-element elementor-element-728c8ce6 white text-centered no-margin-bottom unna-font font-36 elementor-widget elementor-widget-text-editor\" data-id=\"728c8ce6\" data-element_type=\"widget\" data-widget_type=\"text-editor.default\">\n\t\t\t\t<div class=\"elementor-widget-container\">\n\t\t\t\t\t\t\t\t\t<p><a href=\"https:\/\/collcervera.com\/en\/rates\/\">Rates<\/a><\/p>\n\t\t\t\t\t\t\t\t<\/div>\n\t\t\t\t<\/div>\n\t\t\t\t\t<\/div>\n\t\t<\/div>\n\t\t\t\t<div class=\"elementor-column elementor-col-25 elementor-top-column elementor-element elementor-element-633e21b9\" data-id=\"633e21b9\" data-element_type=\"column\">\n\t\t\t<div class=\"elementor-widget-wrap elementor-element-populated\">\n\t\t\t\t\t\t<div class=\"elementor-element elementor-element-a0b4e97 elementor-widget elementor-widget-image\" data-id=\"a0b4e97\" data-element_type=\"widget\" data-widget_type=\"image.default\">\n\t\t\t\t<div class=\"elementor-widget-container\">\n\t\t\t\t\t\t\t\t\t\t\t\t\t\t\t\t<a href=\"https:\/\/collcervera.com\/en\/location\/\">\n\t\t\t\t\t\t\t<img decoding=\"async\" width=\"300\" height=\"400\" src=\"https:\/\/collcervera.com\/wp-content\/uploads\/2024\/05\/Footer_On_Som_300x400.webp\" class=\"attachment-full size-full wp-image-2732\" alt=\"\" srcset=\"https:\/\/collcervera.com\/wp-content\/uploads\/2024\/05\/Footer_On_Som_300x400.webp 300w, https:\/\/collcervera.com\/wp-content\/uploads\/2024\/05\/Footer_On_Som_300x400-225x300.webp 225w, https:\/\/collcervera.com\/wp-content\/uploads\/2024\/05\/Footer_On_Som_300x400-18x24.webp 18w, https:\/\/collcervera.com\/wp-content\/uploads\/2024\/05\/Footer_On_Som_300x400-27x36.webp 27w, https:\/\/collcervera.com\/wp-content\/uploads\/2024\/05\/Footer_On_Som_300x400-36x48.webp 36w\" sizes=\"(max-width: 300px) 100vw, 300px\" \/>\t\t\t\t\t\t\t\t<\/a>\n\t\t\t\t\t\t\t\t\t\t\t\t\t\t\t<\/div>\n\t\t\t\t<\/div>\n\t\t\t\t<div class=\"elementor-element elementor-element-36c467f9 white text-centered no-margin-bottom unna-font font-36 elementor-widget elementor-widget-text-editor\" data-id=\"36c467f9\" data-element_type=\"widget\" data-widget_type=\"text-editor.default\">\n\t\t\t\t<div class=\"elementor-widget-container\">\n\t\t\t\t\t\t\t\t\t<p><a href=\"https:\/\/collcervera.com\/en\/location\/\">Location &amp; Environment<\/a><\/p>\n\t\t\t\t\t\t\t\t<\/div>\n\t\t\t\t<\/div>\n\t\t\t\t\t<\/div>\n\t\t<\/div>\n\t\t\t\t<div class=\"elementor-column elementor-col-25 elementor-top-column elementor-element elementor-element-4ff996bf\" data-id=\"4ff996bf\" data-element_type=\"column\">\n\t\t\t<div class=\"elementor-widget-wrap elementor-element-populated\">\n\t\t\t\t\t\t<div class=\"elementor-element elementor-element-6efe215c elementor-widget elementor-widget-image\" data-id=\"6efe215c\" data-element_type=\"widget\" data-widget_type=\"image.default\">\n\t\t\t\t<div class=\"elementor-widget-container\">\n\t\t\t\t\t\t\t\t\t\t\t\t\t\t\t\t<a href=\"https:\/\/collcervera.com\/en\/activities\/\">\n\t\t\t\t\t\t\t<img loading=\"lazy\" decoding=\"async\" width=\"300\" height=\"400\" src=\"https:\/\/collcervera.com\/wp-content\/uploads\/2024\/05\/Footer_Que_Fer_300x400.webp\" class=\"attachment-full size-full wp-image-2735\" alt=\"\" srcset=\"https:\/\/collcervera.com\/wp-content\/uploads\/2024\/05\/Footer_Que_Fer_300x400.webp 300w, https:\/\/collcervera.com\/wp-content\/uploads\/2024\/05\/Footer_Que_Fer_300x400-225x300.webp 225w, https:\/\/collcervera.com\/wp-content\/uploads\/2024\/05\/Footer_Que_Fer_300x400-18x24.webp 18w, https:\/\/collcervera.com\/wp-content\/uploads\/2024\/05\/Footer_Que_Fer_300x400-27x36.webp 27w, https:\/\/collcervera.com\/wp-content\/uploads\/2024\/05\/Footer_Que_Fer_300x400-36x48.webp 36w\" sizes=\"(max-width: 300px) 100vw, 300px\" \/>\t\t\t\t\t\t\t\t<\/a>\n\t\t\t\t\t\t\t\t\t\t\t\t\t\t\t<\/div>\n\t\t\t\t<\/div>\n\t\t\t\t<div class=\"elementor-element elementor-element-4bf4beb8 white text-centered no-margin-bottom unna-font font-36 elementor-widget elementor-widget-text-editor\" data-id=\"4bf4beb8\" data-element_type=\"widget\" data-widget_type=\"text-editor.default\">\n\t\t\t\t<div class=\"elementor-widget-container\">\n\t\t\t\t\t\t\t\t\t<p><a href=\"https:\/\/collcervera.com\/en\/activities\/\">Activities<\/a><\/p>\n\t\t\t\t\t\t\t\t<\/div>\n\t\t\t\t<\/div>\n\t\t\t\t\t<\/div>\n\t\t<\/div>\n\t\t\t\t\t<\/div>\n\t\t<\/section>\n\t\t\t\t<\/div>\n\t\t","protected":false},"excerpt":{"rendered":"<p>Fes la teva consulta per tel\u00e8fon o per correu electr\u00f2nic i et respondrem en un m\u00e0xim de 24 hores WRITE US Xavi Puertas Casa Collcervera, Olvan \/ Barcelona (+34) 637.57.55.44\u00a0\u00a0\u00a0\u00a0 info@collcervera.com The communication sent will be incorporated into a file for which JOSEP BUSCALLA COROMINAS.\u00a0This communication will be used exclusively to\u00a0process your data to meet [&hellip;]<\/p>\n","protected":false},"author":1,"featured_media":0,"parent":0,"menu_order":0,"comment_status":"closed","ping_status":"closed","template":"","meta":{"_genesis_hide_title":false,"_genesis_hide_breadcrumbs":false,"_genesis_hide_singular_image":false,"_genesis_hide_footer_widgets":false,"_genesis_custom_body_class":"","_genesis_custom_post_class":"","_genesis_layout":"","footnotes":""},"class_list":{"0":"post-1024","1":"page","2":"type-page","3":"status-publish","5":"entry"},"yoast_head":"<!-- This site is optimized with the Yoast SEO plugin v24.2 - https:\/\/yoast.com\/wordpress\/plugins\/seo\/ -->\n<title>Contact - Collcervera<\/title>\n<meta name=\"robots\" content=\"index, follow, max-snippet:-1, max-image-preview:large, max-video-preview:-1\" \/>\n<link rel=\"canonical\" href=\"https:\/\/collcervera.com\/en\/contact\/\" \/>\n<meta property=\"og:locale\" content=\"en_US\" \/>\n<meta property=\"og:type\" content=\"article\" \/>\n<meta property=\"og:title\" content=\"Contact - Collcervera\" \/>\n<meta property=\"og:description\" content=\"Fes la teva consulta per tel\u00e8fon o per correu electr\u00f2nic i et respondrem en un m\u00e0xim de 24 hores WRITE US Xavi Puertas Casa Collcervera, Olvan \/ Barcelona (+34) 637.57.55.44\u00a0\u00a0\u00a0\u00a0 info@collcervera.com The communication sent will be incorporated into a file for which JOSEP BUSCALLA COROMINAS.\u00a0This communication will be used exclusively to\u00a0process your data to meet [&hellip;]\" \/>\n<meta property=\"og:url\" content=\"https:\/\/collcervera.com\/en\/contact\/\" \/>\n<meta property=\"og:site_name\" content=\"Collcervera\" \/>\n<meta property=\"article:modified_time\" content=\"2024-05-19T15:49:28+00:00\" \/>\n<meta property=\"og:image\" content=\"https:\/\/collcervera.com\/wp-content\/uploads\/2024\/05\/Footer_Espais_Comuns_300x400.webp\" \/>\n<meta name=\"twitter:card\" content=\"summary_large_image\" \/>\n<meta name=\"twitter:label1\" content=\"Est. reading time\" \/>\n\t<meta name=\"twitter:data1\" content=\"1 minute\" \/>\n<script type=\"application\/ld+json\" class=\"yoast-schema-graph\">{\"@context\":\"https:\/\/schema.org\",\"@graph\":[{\"@type\":\"WebPage\",\"@id\":\"https:\/\/collcervera.com\/en\/contact\/\",\"url\":\"https:\/\/collcervera.com\/en\/contact\/\",\"name\":\"Contact - Collcervera\",\"isPartOf\":{\"@id\":\"https:\/\/collcervera.com\/en\/#website\"},\"primaryImageOfPage\":{\"@id\":\"https:\/\/collcervera.com\/en\/contact\/#primaryimage\"},\"image\":{\"@id\":\"https:\/\/collcervera.com\/en\/contact\/#primaryimage\"},\"thumbnailUrl\":\"https:\/\/collcervera.com\/wp-content\/uploads\/2024\/05\/Footer_Espais_Comuns_300x400.webp\",\"datePublished\":\"2019-10-08T12:18:14+00:00\",\"dateModified\":\"2024-05-19T15:49:28+00:00\",\"breadcrumb\":{\"@id\":\"https:\/\/collcervera.com\/en\/contact\/#breadcrumb\"},\"inLanguage\":\"en-US\",\"potentialAction\":[{\"@type\":\"ReadAction\",\"target\":[\"https:\/\/collcervera.com\/en\/contact\/\"]}]},{\"@type\":\"ImageObject\",\"inLanguage\":\"en-US\",\"@id\":\"https:\/\/collcervera.com\/en\/contact\/#primaryimage\",\"url\":\"https:\/\/collcervera.com\/wp-content\/uploads\/2024\/05\/Footer_Espais_Comuns_300x400.webp\",\"contentUrl\":\"https:\/\/collcervera.com\/wp-content\/uploads\/2024\/05\/Footer_Espais_Comuns_300x400.webp\"},{\"@type\":\"BreadcrumbList\",\"@id\":\"https:\/\/collcervera.com\/en\/contact\/#breadcrumb\",\"itemListElement\":[{\"@type\":\"ListItem\",\"position\":1,\"name\":\"Portada\",\"item\":\"https:\/\/collcervera.com\/en\/\"},{\"@type\":\"ListItem\",\"position\":2,\"name\":\"Contact\"}]},{\"@type\":\"WebSite\",\"@id\":\"https:\/\/collcervera.com\/en\/#website\",\"url\":\"https:\/\/collcervera.com\/en\/\",\"name\":\"Collcervera\",\"description\":\"Mi blog de WordPress\",\"publisher\":{\"@id\":\"https:\/\/collcervera.com\/en\/#organization\"},\"potentialAction\":[{\"@type\":\"SearchAction\",\"target\":{\"@type\":\"EntryPoint\",\"urlTemplate\":\"https:\/\/collcervera.com\/en\/?s={search_term_string}\"},\"query-input\":{\"@type\":\"PropertyValueSpecification\",\"valueRequired\":true,\"valueName\":\"search_term_string\"}}],\"inLanguage\":\"en-US\"},{\"@type\":\"Organization\",\"@id\":\"https:\/\/collcervera.com\/en\/#organization\",\"name\":\"Agroturisme Collcervera\",\"url\":\"https:\/\/collcervera.com\/en\/\",\"logo\":{\"@type\":\"ImageObject\",\"inLanguage\":\"en-US\",\"@id\":\"https:\/\/collcervera.com\/en\/#\/schema\/logo\/image\/\",\"url\":\"https:\/\/collcervera.com\/wp-content\/uploads\/2019\/12\/collcervera_2x.png\",\"contentUrl\":\"https:\/\/collcervera.com\/wp-content\/uploads\/2019\/12\/collcervera_2x.png\",\"width\":200,\"height\":50,\"caption\":\"Agroturisme Collcervera\"},\"image\":{\"@id\":\"https:\/\/collcervera.com\/en\/#\/schema\/logo\/image\/\"}}]}<\/script>\n<!-- \/ Yoast SEO plugin. -->","yoast_head_json":{"title":"Contact - Collcervera","robots":{"index":"index","follow":"follow","max-snippet":"max-snippet:-1","max-image-preview":"max-image-preview:large","max-video-preview":"max-video-preview:-1"},"canonical":"https:\/\/collcervera.com\/en\/contact\/","og_locale":"en_US","og_type":"article","og_title":"Contact - Collcervera","og_description":"Fes la teva consulta per tel\u00e8fon o per correu electr\u00f2nic i et respondrem en un m\u00e0xim de 24 hores WRITE US Xavi Puertas Casa Collcervera, Olvan \/ Barcelona (+34) 637.57.55.44\u00a0\u00a0\u00a0\u00a0 info@collcervera.com The communication sent will be incorporated into a file for which JOSEP BUSCALLA COROMINAS.\u00a0This communication will be used exclusively to\u00a0process your data to meet [&hellip;]","og_url":"https:\/\/collcervera.com\/en\/contact\/","og_site_name":"Collcervera","article_modified_time":"2024-05-19T15:49:28+00:00","og_image":[{"url":"https:\/\/collcervera.com\/wp-content\/uploads\/2024\/05\/Footer_Espais_Comuns_300x400.webp","type":"","width":"","height":""}],"twitter_card":"summary_large_image","twitter_misc":{"Est. reading time":"1 minute"},"schema":{"@context":"https:\/\/schema.org","@graph":[{"@type":"WebPage","@id":"https:\/\/collcervera.com\/en\/contact\/","url":"https:\/\/collcervera.com\/en\/contact\/","name":"Contact - Collcervera","isPartOf":{"@id":"https:\/\/collcervera.com\/en\/#website"},"primaryImageOfPage":{"@id":"https:\/\/collcervera.com\/en\/contact\/#primaryimage"},"image":{"@id":"https:\/\/collcervera.com\/en\/contact\/#primaryimage"},"thumbnailUrl":"https:\/\/collcervera.com\/wp-content\/uploads\/2024\/05\/Footer_Espais_Comuns_300x400.webp","datePublished":"2019-10-08T12:18:14+00:00","dateModified":"2024-05-19T15:49:28+00:00","breadcrumb":{"@id":"https:\/\/collcervera.com\/en\/contact\/#breadcrumb"},"inLanguage":"en-US","potentialAction":[{"@type":"ReadAction","target":["https:\/\/collcervera.com\/en\/contact\/"]}]},{"@type":"ImageObject","inLanguage":"en-US","@id":"https:\/\/collcervera.com\/en\/contact\/#primaryimage","url":"https:\/\/collcervera.com\/wp-content\/uploads\/2024\/05\/Footer_Espais_Comuns_300x400.webp","contentUrl":"https:\/\/collcervera.com\/wp-content\/uploads\/2024\/05\/Footer_Espais_Comuns_300x400.webp"},{"@type":"BreadcrumbList","@id":"https:\/\/collcervera.com\/en\/contact\/#breadcrumb","itemListElement":[{"@type":"ListItem","position":1,"name":"Portada","item":"https:\/\/collcervera.com\/en\/"},{"@type":"ListItem","position":2,"name":"Contact"}]},{"@type":"WebSite","@id":"https:\/\/collcervera.com\/en\/#website","url":"https:\/\/collcervera.com\/en\/","name":"Collcervera","description":"Mi blog de WordPress","publisher":{"@id":"https:\/\/collcervera.com\/en\/#organization"},"potentialAction":[{"@type":"SearchAction","target":{"@type":"EntryPoint","urlTemplate":"https:\/\/collcervera.com\/en\/?s={search_term_string}"},"query-input":{"@type":"PropertyValueSpecification","valueRequired":true,"valueName":"search_term_string"}}],"inLanguage":"en-US"},{"@type":"Organization","@id":"https:\/\/collcervera.com\/en\/#organization","name":"Agroturisme Collcervera","url":"https:\/\/collcervera.com\/en\/","logo":{"@type":"ImageObject","inLanguage":"en-US","@id":"https:\/\/collcervera.com\/en\/#\/schema\/logo\/image\/","url":"https:\/\/collcervera.com\/wp-content\/uploads\/2019\/12\/collcervera_2x.png","contentUrl":"https:\/\/collcervera.com\/wp-content\/uploads\/2019\/12\/collcervera_2x.png","width":200,"height":50,"caption":"Agroturisme Collcervera"},"image":{"@id":"https:\/\/collcervera.com\/en\/#\/schema\/logo\/image\/"}}]}},"_links":{"self":[{"href":"https:\/\/collcervera.com\/en\/wp-json\/wp\/v2\/pages\/1024","targetHints":{"allow":["GET"]}}],"collection":[{"href":"https:\/\/collcervera.com\/en\/wp-json\/wp\/v2\/pages"}],"about":[{"href":"https:\/\/collcervera.com\/en\/wp-json\/wp\/v2\/types\/page"}],"author":[{"embeddable":true,"href":"https:\/\/collcervera.com\/en\/wp-json\/wp\/v2\/users\/1"}],"replies":[{"embeddable":true,"href":"https:\/\/collcervera.com\/en\/wp-json\/wp\/v2\/comments?post=1024"}],"version-history":[{"count":18,"href":"https:\/\/collcervera.com\/en\/wp-json\/wp\/v2\/pages\/1024\/revisions"}],"predecessor-version":[{"id":2798,"href":"https:\/\/collcervera.com\/en\/wp-json\/wp\/v2\/pages\/1024\/revisions\/2798"}],"wp:attachment":[{"href":"https:\/\/collcervera.com\/en\/wp-json\/wp\/v2\/media?parent=1024"}],"curies":[{"name":"wp","href":"https:\/\/api.w.org\/{rel}","templated":true}]}}